{"id":644,"date":"2023-09-05T09:22:35","date_gmt":"2023-09-05T12:22:35","guid":{"rendered":"https:\/\/favarossi.com.br\/loja\/?page_id=644"},"modified":"2025-06-06T16:28:41","modified_gmt":"2025-06-06T19:28:41","slug":"clientes","status":"publish","type":"page","link":"https:\/\/favarossi.com.br\/loja\/clientes\/","title":{"rendered":"Clientes"},"content":{"rendered":"<p>&nbsp;<\/p>\n<div class=\"container section-title-container\" ><h3 class=\"section-title section-title-center\"><b><\/b><span class=\"section-title-main\" >NOSSOS CLIENTES<\/span><b><\/b><\/h3><\/div>\n<div class=\"row\"  id=\"row-2094500717\">\n\n\t<div id=\"col-1045195402\" class=\"col medium-3 small-6 large-3\"  >\n\t\t\t\t<div class=\"col-inner\"  >\n\t\t\t\n\t\t\t\n\t<div class=\"img has-hover x md-x lg-x y md-y lg-y\" id=\"image_59395689\">\n\t\t\t\t\t\t\t\t<div class=\"img-inner dark\" >\n\t\t\t<img loading=\"lazy\" decoding=\"async\" width=\"480\" height=\"180\" src=\"https:\/\/favarossi.com.br\/loja\/wp-content\/uploads\/2023\/08\/delaval.webp\" class=\"attachment-original size-original\" alt=\"\" \/>\t\t\t\t\t\t\n\t\t\t\t\t<\/div>\n\t\t\t\t\t\t\t\t\n<style>\n#image_59395689 {\n  width: 100%;\n}\n<\/style>\n\t<\/div>\n\t\n\t\t<\/div>\n\t\t\t\t\t<\/div>\n\n\t\n\n\t<div id=\"col-1377560417\" class=\"col medium-3 small-6 large-3\"  >\n\t\t\t\t<div class=\"col-inner\"  >\n\t\t\t\n\t\t\t\n\t<div class=\"img has-hover x md-x lg-x y md-y lg-y\" id=\"image_32744996\">\n\t\t\t\t\t\t\t\t<div class=\"img-inner dark\" >\n\t\t\t<img loading=\"lazy\" decoding=\"async\" width=\"480\" height=\"180\" src=\"https:\/\/favarossi.com.br\/loja\/wp-content\/uploads\/2023\/08\/yes-1.webp\" class=\"attachment-original size-original\" alt=\"\" \/>\t\t\t\t\t\t\n\t\t\t\t\t<\/div>\n\t\t\t\t\t\t\t\t\n<style>\n#image_32744996 {\n  width: 100%;\n}\n<\/style>\n\t<\/div>\n\t\n\t\t<\/div>\n\t\t\t\t\t<\/div>\n\n\t\n\n\t<div id=\"col-2070463548\" class=\"col medium-3 small-6 large-3\"  >\n\t\t\t\t<div class=\"col-inner\"  >\n\t\t\t\n\t\t\t\n\t<div class=\"img has-hover x md-x lg-x y md-y lg-y\" id=\"image_493111361\">\n\t\t\t\t\t\t\t\t<div class=\"img-inner dark\" >\n\t\t\t<img loading=\"lazy\" decoding=\"async\" width=\"480\" height=\"180\" src=\"https:\/\/favarossi.com.br\/loja\/wp-content\/uploads\/2023\/08\/cargill.webp\" class=\"attachment-original size-original\" alt=\"\" \/>\t\t\t\t\t\t\n\t\t\t\t\t<\/div>\n\t\t\t\t\t\t\t\t\n<style>\n#image_493111361 {\n  width: 100%;\n}\n<\/style>\n\t<\/div>\n\t\n\t\t<\/div>\n\t\t\t\t\t<\/div>\n\n\t\n\n\t<div id=\"col-270541616\" class=\"col medium-3 small-6 large-3\"  >\n\t\t\t\t<div class=\"col-inner\"  >\n\t\t\t\n\t\t\t\n\t<div class=\"img has-hover x md-x lg-x y md-y lg-y\" id=\"image_1590854474\">\n\t\t\t\t\t\t\t\t<div class=\"img-inner dark\" >\n\t\t\t<img loading=\"lazy\" decoding=\"async\" width=\"480\" height=\"180\" src=\"https:\/\/favarossi.com.br\/loja\/wp-content\/uploads\/2023\/08\/chr-1.webp\" class=\"attachment-original size-original\" alt=\"\" \/>\t\t\t\t\t\t\n\t\t\t\t\t<\/div>\n\t\t\t\t\t\t\t\t\n<style>\n#image_1590854474 {\n  width: 100%;\n}\n<\/style>\n\t<\/div>\n\t\n\t\t<\/div>\n\t\t\t\t\t<\/div>\n\n\t\n\n\t<div id=\"col-1755465169\" class=\"col medium-3 small-6 large-3\"  >\n\t\t\t\t<div class=\"col-inner\"  >\n\t\t\t\n\t\t\t\n\t<div class=\"img has-hover x md-x lg-x y md-y lg-y\" id=\"image_1300201435\">\n\t\t\t\t\t\t\t\t<div class=\"img-inner dark\" >\n\t\t\t<img loading=\"lazy\" decoding=\"async\" width=\"480\" height=\"180\" src=\"https:\/\/favarossi.com.br\/loja\/wp-content\/uploads\/2023\/08\/trouw-1.webp\" class=\"attachment-original size-original\" alt=\"\" \/>\t\t\t\t\t\t\n\t\t\t\t\t<\/div>\n\t\t\t\t\t\t\t\t\n<style>\n#image_1300201435 {\n  width: 100%;\n}\n<\/style>\n\t<\/div>\n\t\n\t\t<\/div>\n\t\t\t\t\t<\/div>\n\n\t\n\n\t<div id=\"col-211449529\" class=\"col medium-3 small-6 large-3\"  >\n\t\t\t\t<div class=\"col-inner\"  >\n\t\t\t\n\t\t\t\n\t<div class=\"img has-hover x md-x lg-x y md-y lg-y\" id=\"image_1446229498\">\n\t\t\t\t\t\t\t\t<div class=\"img-inner dark\" >\n\t\t\t<img loading=\"lazy\" decoding=\"async\" width=\"480\" height=\"180\" src=\"https:\/\/favarossi.com.br\/loja\/wp-content\/uploads\/2023\/08\/bellman-1.webp\" class=\"attachment-original size-original\" alt=\"\" \/>\t\t\t\t\t\t\n\t\t\t\t\t<\/div>\n\t\t\t\t\t\t\t\t\n<style>\n#image_1446229498 {\n  width: 100%;\n}\n<\/style>\n\t<\/div>\n\t\n\t\t<\/div>\n\t\t\t\t\t<\/div>\n\n\t\n\n\t<div id=\"col-755380120\" class=\"col medium-3 small-6 large-3\"  >\n\t\t\t\t<div class=\"col-inner\"  >\n\t\t\t\n\t\t\t\n\t<div class=\"img has-hover x md-x lg-x y md-y lg-y\" id=\"image_1676585479\">\n\t\t\t\t\t\t\t\t<div class=\"img-inner dark\" >\n\t\t\t<img loading=\"lazy\" decoding=\"async\" width=\"480\" height=\"180\" src=\"https:\/\/favarossi.com.br\/loja\/wp-content\/uploads\/2023\/08\/bosch-1.webp\" class=\"attachment-original size-original\" alt=\"\" \/>\t\t\t\t\t\t\n\t\t\t\t\t<\/div>\n\t\t\t\t\t\t\t\t\n<style>\n#image_1676585479 {\n  width: 100%;\n}\n<\/style>\n\t<\/div>\n\t\n\t\t<\/div>\n\t\t\t\t\t<\/div>\n\n\t\n\n\t<div id=\"col-1577215188\" class=\"col medium-3 small-6 large-3\"  >\n\t\t\t\t<div class=\"col-inner\"  >\n\t\t\t\n\t\t\t\n\t<div class=\"img has-hover x md-x lg-x y md-y lg-y\" id=\"image_1476337205\">\n\t\t\t\t\t\t\t\t<div class=\"img-inner dark\" >\n\t\t\t<img loading=\"lazy\" decoding=\"async\" width=\"480\" height=\"180\" src=\"https:\/\/favarossi.com.br\/loja\/wp-content\/uploads\/2023\/08\/vilage-1.webp\" class=\"attachment-original size-original\" alt=\"\" \/>\t\t\t\t\t\t\n\t\t\t\t\t<\/div>\n\t\t\t\t\t\t\t\t\n<style>\n#image_1476337205 {\n  width: 100%;\n}\n<\/style>\n\t<\/div>\n\t\n\t\t<\/div>\n\t\t\t\t\t<\/div>\n\n\t\n\n\t<div id=\"col-2010564632\" class=\"col medium-3 small-6 large-3\"  >\n\t\t\t\t<div class=\"col-inner\"  >\n\t\t\t\n\t\t\t\n\t<div class=\"img has-hover x md-x lg-x y md-y lg-y\" id=\"image_771134586\">\n\t\t\t\t\t\t\t\t<div class=\"img-inner dark\" >\n\t\t\t<img loading=\"lazy\" decoding=\"async\" width=\"480\" height=\"180\" src=\"https:\/\/favarossi.com.br\/loja\/wp-content\/uploads\/2023\/08\/dhl.webp\" class=\"attachment-original size-original\" alt=\"\" \/>\t\t\t\t\t\t\n\t\t\t\t\t<\/div>\n\t\t\t\t\t\t\t\t\n<style>\n#image_771134586 {\n  width: 100%;\n}\n<\/style>\n\t<\/div>\n\t\n\t\t<\/div>\n\t\t\t\t\t<\/div>\n\n\t\n\n\t<div id=\"col-2040153219\" class=\"col medium-3 small-6 large-3\"  >\n\t\t\t\t<div class=\"col-inner\"  >\n\t\t\t\n\t\t\t\n\t<div class=\"img has-hover x md-x lg-x y md-y lg-y\" id=\"image_2139340942\">\n\t\t\t\t\t\t\t\t<div class=\"img-inner dark\" >\n\t\t\t<img loading=\"lazy\" decoding=\"async\" width=\"480\" height=\"180\" src=\"https:\/\/favarossi.com.br\/loja\/wp-content\/uploads\/2023\/08\/elemar-black.webp\" class=\"attachment-original size-original\" alt=\"\" \/>\t\t\t\t\t\t\n\t\t\t\t\t<\/div>\n\t\t\t\t\t\t\t\t\n<style>\n#image_2139340942 {\n  width: 100%;\n}\n<\/style>\n\t<\/div>\n\t\n\t\t<\/div>\n\t\t\t\t\t<\/div>\n\n\t\n\n\t<div id=\"col-1909262514\" class=\"col medium-3 small-12 large-3\"  >\n\t\t\t\t<div class=\"col-inner\"  >\n\t\t\t\n\t\t\t\n\t<div class=\"img has-hover x md-x lg-x y md-y lg-y\" id=\"image_1421637532\">\n\t\t\t\t\t\t\t\t<div class=\"img-inner dark\" >\n\t\t\t<img loading=\"lazy\" decoding=\"async\" width=\"1671\" height=\"621\" src=\"https:\/\/favarossi.com.br\/loja\/wp-content\/uploads\/2024\/05\/Visao-2.png\" class=\"attachment-original size-original\" alt=\"\" srcset=\"https:\/\/favarossi.com.br\/loja\/wp-content\/uploads\/2024\/05\/Visao-2.png 1671w, https:\/\/favarossi.com.br\/loja\/wp-content\/uploads\/2024\/05\/Visao-2-800x297.png 800w, https:\/\/favarossi.com.br\/loja\/wp-content\/uploads\/2024\/05\/Visao-2-1400x520.png 1400w, https:\/\/favarossi.com.br\/loja\/wp-content\/uploads\/2024\/05\/Visao-2-768x285.png 768w, https:\/\/favarossi.com.br\/loja\/wp-content\/uploads\/2024\/05\/Visao-2-1536x571.png 1536w, https:\/\/favarossi.com.br\/loja\/wp-content\/uploads\/2024\/05\/Visao-2-600x223.png 600w\" sizes=\"auto, (max-width: 1671px) 100vw, 1671px\" \/>\t\t\t\t\t\t\n\t\t\t\t\t<\/div>\n\t\t\t\t\t\t\t\t\n<style>\n#image_1421637532 {\n  width: 100%;\n}\n<\/style>\n\t<\/div>\n\t\n\t\t<\/div>\n\t\t\t\t\t<\/div>\n\n\t\n\n\t<div id=\"col-1742567653\" class=\"col medium-3 small-12 large-3\"  >\n\t\t\t\t<div class=\"col-inner\"  >\n\t\t\t\n\t\t\t\n\t<div class=\"img has-hover x md-x lg-x y md-y lg-y\" id=\"image_416618070\">\n\t\t\t\t\t\t\t\t<div class=\"img-inner dark\" >\n\t\t\t<img loading=\"lazy\" decoding=\"async\" width=\"1227\" height=\"491\" src=\"https:\/\/favarossi.com.br\/loja\/wp-content\/uploads\/2024\/05\/REXROTH.png\" class=\"attachment-original size-original\" alt=\"\" srcset=\"https:\/\/favarossi.com.br\/loja\/wp-content\/uploads\/2024\/05\/REXROTH.png 1227w, https:\/\/favarossi.com.br\/loja\/wp-content\/uploads\/2024\/05\/REXROTH-800x320.png 800w, https:\/\/favarossi.com.br\/loja\/wp-content\/uploads\/2024\/05\/REXROTH-768x307.png 768w, https:\/\/favarossi.com.br\/loja\/wp-content\/uploads\/2024\/05\/REXROTH-600x240.png 600w\" sizes=\"auto, (max-width: 1227px) 100vw, 1227px\" \/>\t\t\t\t\t\t\n\t\t\t\t\t<\/div>\n\t\t\t\t\t\t\t\t\n<style>\n#image_416618070 {\n  width: 100%;\n}\n<\/style>\n\t<\/div>\n\t\n\t\t<\/div>\n\t\t\t\t\t<\/div>\n\n\t\n<\/div>\n\t<div id=\"gap-1746954621\" class=\"gap-element clearfix\" style=\"display:block; height:auto;\">\n\t\t\n<style>\n#gap-1746954621 {\n  padding-top: 70px;\n}\n<\/style>\n\t<\/div>\n\t\n<p>&nbsp;<\/p>\n<h3 style=\"text-align: center;\"><strong>Pol\u00edtica da Qualidade<\/strong><\/h3>\n<div style=\"text-align: center;\">A Favarossi busca, atrav\u00e9s da Melhoria Cont\u00ednua\u00a0do Sistema de Gest\u00e3o da Qualidade, assegurar:<\/div>\n<div style=\"text-align: center;\">O bom atendimento ao cliente, visando transpar\u00eancia, cumprimento dos prazos de entrega e qualidade do produto, atrav\u00e9s de processos internos baseados em pessoas motivadas e capacitadas.<\/div>\n","protected":false},"excerpt":{"rendered":"<p>&nbsp; &nbsp; Pol\u00edtica da Qualidade A Favarossi busca, atrav\u00e9s da Melhoria Cont\u00ednua\u00a0do Sistema de Gest\u00e3o da Qualidade, assegurar: O bom atendimento ao cliente, visando transpar\u00eancia, cumprimento dos prazos de entrega e qualidade do produto, atrav\u00e9s de processos internos baseados em pessoas motivadas e capacitadas.<\/p>\n","protected":false},"author":1,"featured_media":18,"parent":0,"menu_order":0,"comment_status":"closed","ping_status":"closed","template":"","meta":{"footnotes":""},"class_list":["post-644","page","type-page","status-publish","has-post-thumbnail","hentry"],"_links":{"self":[{"href":"https:\/\/favarossi.com.br\/loja\/wp-json\/wp\/v2\/pages\/644","targetHints":{"allow":["GET"]}}],"collection":[{"href":"https:\/\/favarossi.com.br\/loja\/wp-json\/wp\/v2\/pages"}],"about":[{"href":"https:\/\/favarossi.com.br\/loja\/wp-json\/wp\/v2\/types\/page"}],"author":[{"embeddable":true,"href":"https:\/\/favarossi.com.br\/loja\/wp-json\/wp\/v2\/users\/1"}],"replies":[{"embeddable":true,"href":"https:\/\/favarossi.com.br\/loja\/wp-json\/wp\/v2\/comments?post=644"}],"version-history":[{"count":4,"href":"https:\/\/favarossi.com.br\/loja\/wp-json\/wp\/v2\/pages\/644\/revisions"}],"predecessor-version":[{"id":1090,"href":"https:\/\/favarossi.com.br\/loja\/wp-json\/wp\/v2\/pages\/644\/revisions\/1090"}],"wp:featuredmedia":[{"embeddable":true,"href":"https:\/\/favarossi.com.br\/loja\/wp-json\/wp\/v2\/media\/18"}],"wp:attachment":[{"href":"https:\/\/favarossi.com.br\/loja\/wp-json\/wp\/v2\/media?parent=644"}],"curies":[{"name":"wp","href":"https:\/\/api.w.org\/{rel}","templated":true}]}}