{"id":413,"date":"2023-08-23T23:16:27","date_gmt":"2023-08-24T02:16:27","guid":{"rendered":"https:\/\/favarossi.com.br\/loja\/?page_id=413"},"modified":"2023-08-23T23:16:27","modified_gmt":"2023-08-24T02:16:27","slug":"trocas-e-devolucoes","status":"publish","type":"page","link":"https:\/\/favarossi.com.br\/loja\/trocas-e-devolucoes\/","title":{"rendered":"Trocas e Devolu\u00e7\u00f5es"},"content":{"rendered":"<p>Se voc\u00ea n\u00e3o est\u00e1 de acordo com nosso produto recebido, pode realizar uma troca do mesmo de alguma das seguintes formas:<\/p>\n<p>1. Em alguma das nossas lojas poder\u00e1 trocar por um produto do mesmo valor.<\/p>\n<p>2. A partir da sua casa. Para isso entre em contato pelo e-mail\u00a0lojavirtual@favarossi.com.br. Envie o produto diretamente pelos correios pelo &#8220;Frete a Cobrar&#8221;, juntamente com a nota fiscal e se poss\u00edvel na embalagem original. Poder\u00e1 trocar o produto por outro, ou no caso de troca por avarias ou falhas de fabrica\u00e7\u00e3o, ser\u00e1 feito uma an\u00e1lise e avalia\u00e7\u00e3o do defeito, tendo um laudo favor\u00e1vel o cliente receber\u00e1 no endere\u00e7o de origem, sem custos adicionais, a substitui\u00e7\u00e3o do produto por outro do mesmo modelo, na aus\u00eancia do mesmo modelo em estoque, o cliente ser\u00e1 comunicado e poder\u00e1 escolher outro modelo para troca entre as op\u00e7\u00f5es existentes no site, respeitando o limite de cr\u00e9dito, ou caso haja diferen\u00e7a no pre\u00e7o do produto escolhido e o produto reclamado, dever\u00e1 ser providenciado o pagamento da diferen\u00e7a. Tendo laudo contr\u00e1rio a troca, o produto ser\u00e1 devolvido sem direito a substitui\u00e7\u00e3o. (Itens de reprova\u00e7\u00e3o: &#8211; Aus\u00eancia de defeito (n\u00e3o constata\u00e7\u00e3o do dano apontado pelo cliente);\u00a0&#8211; Ind\u00edcios de uso inadequado do produto;\u00a0&#8211; Ind\u00edcios de dano acidental;\u00a0&#8211; Desgaste natural em decorr\u00eancia do uso;\u00a0&#8211; Lavagem inadequada do produto.<\/p>\n<p>3. Caso o produto n\u00e3o tenha atendido as suas expectativas voc\u00ea tamb\u00e9m poder\u00e1 ter o seu dinheiro de volta.<\/p>\n<p>Para devolu\u00e7\u00e3o do dinheiro e troca do produto, voc\u00ea ter\u00e1 at\u00e9 7 dias ap\u00f3s o recebimento para fazer a solicita\u00e7\u00e3o.<\/p>\n","protected":false},"excerpt":{"rendered":"<p>Se voc\u00ea n\u00e3o est\u00e1 de acordo com nosso produto recebido, pode realizar uma troca do mesmo de alguma das seguintes formas: 1. Em alguma das nossas lojas poder\u00e1 trocar por um produto do mesmo valor. 2. A partir da sua casa. Para isso entre em contato pelo e-mail\u00a0lojavirtual@favarossi.com.br. Envie o produto diretamente pelos correios pelo [&#8230;]\n","protected":false},"author":1,"featured_media":0,"parent":0,"menu_order":0,"comment_status":"closed","ping_status":"open","template":"","meta":{"footnotes":""},"class_list":["post-413","page","type-page","status-publish","hentry"],"_links":{"self":[{"href":"https:\/\/favarossi.com.br\/loja\/wp-json\/wp\/v2\/pages\/413","targetHints":{"allow":["GET"]}}],"collection":[{"href":"https:\/\/favarossi.com.br\/loja\/wp-json\/wp\/v2\/pages"}],"about":[{"href":"https:\/\/favarossi.com.br\/loja\/wp-json\/wp\/v2\/types\/page"}],"author":[{"embeddable":true,"href":"https:\/\/favarossi.com.br\/loja\/wp-json\/wp\/v2\/users\/1"}],"replies":[{"embeddable":true,"href":"https:\/\/favarossi.com.br\/loja\/wp-json\/wp\/v2\/comments?post=413"}],"version-history":[{"count":1,"href":"https:\/\/favarossi.com.br\/loja\/wp-json\/wp\/v2\/pages\/413\/revisions"}],"predecessor-version":[{"id":414,"href":"https:\/\/favarossi.com.br\/loja\/wp-json\/wp\/v2\/pages\/413\/revisions\/414"}],"wp:attachment":[{"href":"https:\/\/favarossi.com.br\/loja\/wp-json\/wp\/v2\/media?parent=413"}],"curies":[{"name":"wp","href":"https:\/\/api.w.org\/{rel}","templated":true}]}}