{"id":410,"date":"2023-08-23T23:14:54","date_gmt":"2023-08-24T02:14:54","guid":{"rendered":"https:\/\/favarossi.com.br\/loja\/?page_id=410"},"modified":"2023-08-23T23:14:54","modified_gmt":"2023-08-24T02:14:54","slug":"prazos-frete-e-envio","status":"publish","type":"page","link":"https:\/\/favarossi.com.br\/loja\/prazos-frete-e-envio\/","title":{"rendered":"Prazos, Frete e Envio"},"content":{"rendered":"<p>A postagem dos pedidos \u00e9 feita num prazo de at\u00e9\u00a0dois dias \u00fateis ap\u00f3s confirma\u00e7\u00e3o do pagamento, mas geralmente o tempo m\u00e9dio \u00e9\u00a0de 24hs.\u00a0<\/p>\n<p>O prazo de entrega pode variar de 1 a 4\u00a0dias \u00fateis para entregas via Sedex, e de aproximadamente 5\u00a0dias \u00fateis em m\u00e9dia para entregas via PAC, dependendo da regi\u00e3o onde voc\u00ea mora.<\/p>\n<p><span>Pedidos com frete gr\u00e1tis poder\u00e1 levar at\u00e9 5 dias \u00fateis. Assim como os pedidos com entrega pelo Motoboy, o mesmo far\u00e1 entregas toda quarta-feira.<\/span><\/p>\n<p>\u00c9 importante que voc\u00ea se certifique de que haver\u00e1 algu\u00e9m no endere\u00e7o indicado para receber o pedido, al\u00e9m de garantir que o endere\u00e7o esteja completo e correto.\u00a0 Na impossibilidade de entrega por algum destes motivos, uma nova cobran\u00e7a de frete ser\u00e1 realizada.<\/p>\n<p>A Favarossi\u00a0busca sempre as melhores parcerias para fazer com que seu pedido chegue o mais r\u00e1pido poss\u00edvel em seu destino!<\/p>\n","protected":false},"excerpt":{"rendered":"<p>A postagem dos pedidos \u00e9 feita num prazo de at\u00e9\u00a0dois dias \u00fateis ap\u00f3s confirma\u00e7\u00e3o do pagamento, mas geralmente o tempo m\u00e9dio \u00e9\u00a0de 24hs.\u00a0 O prazo de entrega pode variar de 1 a 4\u00a0dias \u00fateis para entregas via Sedex, e de aproximadamente 5\u00a0dias \u00fateis em m\u00e9dia para entregas via PAC, dependendo da regi\u00e3o onde voc\u00ea mora. [&#8230;]\n","protected":false},"author":1,"featured_media":0,"parent":0,"menu_order":0,"comment_status":"closed","ping_status":"open","template":"","meta":{"footnotes":""},"class_list":["post-410","page","type-page","status-publish","hentry"],"_links":{"self":[{"href":"https:\/\/favarossi.com.br\/loja\/wp-json\/wp\/v2\/pages\/410","targetHints":{"allow":["GET"]}}],"collection":[{"href":"https:\/\/favarossi.com.br\/loja\/wp-json\/wp\/v2\/pages"}],"about":[{"href":"https:\/\/favarossi.com.br\/loja\/wp-json\/wp\/v2\/types\/page"}],"author":[{"embeddable":true,"href":"https:\/\/favarossi.com.br\/loja\/wp-json\/wp\/v2\/users\/1"}],"replies":[{"embeddable":true,"href":"https:\/\/favarossi.com.br\/loja\/wp-json\/wp\/v2\/comments?post=410"}],"version-history":[{"count":1,"href":"https:\/\/favarossi.com.br\/loja\/wp-json\/wp\/v2\/pages\/410\/revisions"}],"predecessor-version":[{"id":411,"href":"https:\/\/favarossi.com.br\/loja\/wp-json\/wp\/v2\/pages\/410\/revisions\/411"}],"wp:attachment":[{"href":"https:\/\/favarossi.com.br\/loja\/wp-json\/wp\/v2\/media?parent=410"}],"curies":[{"name":"wp","href":"https:\/\/api.w.org\/{rel}","templated":true}]}}