{"id":35,"date":"2016-08-04T11:15:19","date_gmt":"2016-08-04T14:15:19","guid":{"rendered":"http:\/\/flatsome.dev\/?page_id=8412"},"modified":"2025-06-06T16:26:28","modified_gmt":"2025-06-06T19:26:28","slug":"quem-somos","status":"publish","type":"page","link":"https:\/\/favarossi.com.br\/loja\/quem-somos\/","title":{"rendered":"Quem Somos"},"content":{"rendered":"<p>O amor pela costura e pala moda uniu a vontade. e desejo de duas irm\u00e3s na cria\u00e7\u00e3o de uma confec\u00e7\u00e3o, e assim, em 1994 a Favarossi Confec\u00e7\u00f5es foi inaugurada. O seu nome segue o mesmo padr\u00e3o da uni\u00e3o e conta com o sobrenome das duas: Favaro e Rossi.<\/p>\n<p>\u00c9 situada na cidade de Campinas e foi criada com o intuito de oferecer uniformes profissionais para empresas, como: Camisa social,\u00a0Camisetas, Camisa Polo, Jalecos, Aventais, Cal\u00e7as, entre outros. Com uma loja f\u00edsica, a fim de proporcionar facilidade, agilidade no atendimento e conforto para os clientes, a Favarossi trabalha com os melhores produtos, m\u00e3o de obra qualificada e alta costura. Preocupada sempre com a qualidade e o acabamento final dos seus produtos.<\/p>\n<p><strong>A import\u00e2ncia do uniforme nas empresas<\/strong><\/p>\n<p>A padroniza\u00e7\u00e3o da marca e da identidade visual da empresa \u00e9 o seu cart\u00e3o de visita. O uniforme corporativo faz parte dessa comunica\u00e7\u00e3o e identifica\u00e7\u00e3o com o mercado, passando confian\u00e7a, credibilidade, organiza\u00e7\u00e3o e seguran\u00e7a. A Favarossi Confec\u00e7\u00f5es est\u00e1 atenta ao conforto das pessoas que utilizam o seu produto. Constantemente busca o aperfei\u00e7oamento aliado \u00e0 tradi\u00e7\u00e3o com a modernidade na modelagem, corte e produ\u00e7\u00e3o de seus uniformes.<\/p>\n<p><strong>Pol\u00edtica da Qualidade<\/strong><\/p>\n<div>A Favarossi busca, atrav\u00e9s da Melhoria Cont\u00ednua\u00a0do Sistema de Gest\u00e3o da Qualidade, assegurar:<\/div>\n<div>&#8211; O bom atendimento ao cliente, visando transpar\u00eancia, cumprimento\u00a0dos prazos de entrega e qualidade do produto, atrav\u00e9s de processos\u00a0internos baseados em pessoas motivadas e capacitadas.<\/div>\n","protected":false},"excerpt":{"rendered":"<p>O amor pela costura e pala moda uniu a vontade. e desejo de duas irm\u00e3s na cria\u00e7\u00e3o de uma confec\u00e7\u00e3o, e assim, em 1994 a Favarossi Confec\u00e7\u00f5es foi inaugurada. O seu nome segue o mesmo padr\u00e3o da uni\u00e3o e conta com o sobrenome das duas: Favaro e Rossi. \u00c9 situada na cidade de Campinas e [&#8230;]\n","protected":false},"author":1,"featured_media":18,"parent":0,"menu_order":0,"comment_status":"closed","ping_status":"closed","template":"","meta":{"footnotes":""},"class_list":["post-35","page","type-page","status-publish","has-post-thumbnail","hentry"],"_links":{"self":[{"href":"https:\/\/favarossi.com.br\/loja\/wp-json\/wp\/v2\/pages\/35","targetHints":{"allow":["GET"]}}],"collection":[{"href":"https:\/\/favarossi.com.br\/loja\/wp-json\/wp\/v2\/pages"}],"about":[{"href":"https:\/\/favarossi.com.br\/loja\/wp-json\/wp\/v2\/types\/page"}],"author":[{"embeddable":true,"href":"https:\/\/favarossi.com.br\/loja\/wp-json\/wp\/v2\/users\/1"}],"replies":[{"embeddable":true,"href":"https:\/\/favarossi.com.br\/loja\/wp-json\/wp\/v2\/comments?post=35"}],"version-history":[{"count":5,"href":"https:\/\/favarossi.com.br\/loja\/wp-json\/wp\/v2\/pages\/35\/revisions"}],"predecessor-version":[{"id":1088,"href":"https:\/\/favarossi.com.br\/loja\/wp-json\/wp\/v2\/pages\/35\/revisions\/1088"}],"wp:featuredmedia":[{"embeddable":true,"href":"https:\/\/favarossi.com.br\/loja\/wp-json\/wp\/v2\/media\/18"}],"wp:attachment":[{"href":"https:\/\/favarossi.com.br\/loja\/wp-json\/wp\/v2\/media?parent=35"}],"curies":[{"name":"wp","href":"https:\/\/api.w.org\/{rel}","templated":true}]}}